{"id":15,"date":"2010-12-09T23:06:09","date_gmt":"2010-12-09T22:06:09","guid":{"rendered":"http:\/\/www.angeln-vranasee.com\/?page_id=15"},"modified":"2020-10-03T22:40:09","modified_gmt":"2020-10-03T21:40:09","slug":"startseite","status":"publish","type":"page","link":"https:\/\/www.angeln-vranasee.com\/","title":{"rendered":"Startseite"},"content":{"rendered":"<p>Der Vrana-See(Vransko jezero) ist mit einer L\u00e4nge von 14 km und einer Breite von etwa 2 km der gr\u00f6sste NaturSee Kroatiens und liegt in Dalmatien. Der S\u00fc\u00dfwassersee erstreckt sich parallel zur Adriak\u00fcste. Dieser fischreichste See Europas ist bei den Sportanglern sehr beliebt.<\/p>\n<div id=\"gallery-1\" class=\"gallery galleryid-1 default columns_3 gallery-columns-3  gallery-size-thumbnail \">\n<dl class=\"gallery-item gallery-startcol\">\n\t<dt class=\"gallery-icon\"><a href=\"https:\/\/www.angeln-vranasee.com\/wp-content\/uploads\/2010\/12\/j6.jpg\" title=\"vrana see (Vransko jezero)\" class=\"thickbox\" rel=\"thickbox-1\">\t\t\t<img src=\"https:\/\/www.angeln-vranasee.com\/wp-content\/uploads\/2010\/12\/j6-150x150.jpg\" width=\"150\" height=\"150\" title=\"vrana see (Vransko jezero)\" class=\"attachment-thumbnail\" alt=\"vrana see\" \/><\/a>\t<\/dt>\n\t<\/dl>\n<dl class=\"gallery-item\">\n\t<dt class=\"gallery-icon\"><a href=\"https:\/\/www.angeln-vranasee.com\/wp-content\/uploads\/2010\/12\/j5.jpg\" title=\"Vrana see (Vransko jezero)\" class=\"thickbox\" rel=\"thickbox-1\">\t\t\t<img src=\"https:\/\/www.angeln-vranasee.com\/wp-content\/uploads\/2010\/12\/j5-150x150.jpg\" width=\"150\" height=\"150\" title=\"Vrana see (Vransko jezero)\" class=\"attachment-thumbnail\" alt=\"Vrana see (Vransko jezero)\" \/><\/a>\t<\/dt>\n\t<\/dl>\n<dl class=\"gallery-item gallery-endcol\">\n\t<dt class=\"gallery-icon\"><a href=\"https:\/\/www.angeln-vranasee.com\/wp-content\/uploads\/2010\/12\/j2.jpg\" title=\"j2\" class=\"thickbox\" rel=\"thickbox-1\">\t\t\t<img src=\"https:\/\/www.angeln-vranasee.com\/wp-content\/uploads\/2010\/12\/j2-150x150.jpg\" width=\"150\" height=\"150\" title=\"j2\" class=\"attachment-thumbnail\" alt=\"j2\" \/><\/a>\t<\/dt>\n\t<\/dl>\n\n<br class='clear' \/>\n\n\n<\/div>\n<p>In der n\u00e4heren Umgebung dieses Anglerparadieses befinden sich drei Nationalparks, die zu einem Besuch einladen.<br \/>\nMit zwei wunderschonen Stadten Zadar im Norden und \u0160ibenik etwas s\u00fcdlich, hat dieses Gebiet auch in Sachen Kultur viel zu bieten.<br \/>\nDa das Klima in dieser Region sehr mild und angenehm ist,macht das Angeln ganzj\u00e4hrig Freude.<\/p>\n\n","protected":false},"excerpt":{"rendered":"<p>Der Vrana-See(Vransko jezero) ist mit einer L\u00e4nge von 14 km und einer Breite von etwa 2 km der gr\u00f6sste NaturSee Kroatiens und liegt in Dalmatien. Der S\u00fc\u00dfwassersee erstreckt sich parallel zur Adriak\u00fcste. Dieser fischreichste See Europas ist bei den Sportanglern sehr beliebt. In der n\u00e4heren Umgebung dieses Anglerparadieses befinden sich drei Nationalparks, die zu einem [&hellip;]<\/p>\n","protected":false},"author":1,"featured_media":0,"parent":0,"menu_order":0,"comment_status":"closed","ping_status":"closed","template":"","meta":[],"_links":{"self":[{"href":"https:\/\/www.angeln-vranasee.com\/index.php?rest_route=\/wp\/v2\/pages\/15"}],"collection":[{"href":"https:\/\/www.angeln-vranasee.com\/index.php?rest_route=\/wp\/v2\/pages"}],"about":[{"href":"https:\/\/www.angeln-vranasee.com\/index.php?rest_route=\/wp\/v2\/types\/page"}],"author":[{"embeddable":true,"href":"https:\/\/www.angeln-vranasee.com\/index.php?rest_route=\/wp\/v2\/users\/1"}],"replies":[{"embeddable":true,"href":"https:\/\/www.angeln-vranasee.com\/index.php?rest_route=%2Fwp%2Fv2%2Fcomments&post=15"}],"version-history":[{"count":30,"href":"https:\/\/www.angeln-vranasee.com\/index.php?rest_route=\/wp\/v2\/pages\/15\/revisions"}],"predecessor-version":[{"id":367,"href":"https:\/\/www.angeln-vranasee.com\/index.php?rest_route=\/wp\/v2\/pages\/15\/revisions\/367"}],"wp:attachment":[{"href":"https:\/\/www.angeln-vranasee.com\/index.php?rest_route=%2Fwp%2Fv2%2Fmedia&parent=15"}],"curies":[{"name":"wp","href":"https:\/\/api.w.org\/{rel}","templated":true}]}}