{"id":18,"date":"2010-12-09T23:08:20","date_gmt":"2010-12-09T22:08:20","guid":{"rendered":"http:\/\/www.angeln-vranasee.com\/?page_id=18"},"modified":"2020-10-03T21:55:25","modified_gmt":"2020-10-03T20:55:25","slug":"unterkunft","status":"publish","type":"page","link":"https:\/\/www.angeln-vranasee.com\/?page_id=18","title":{"rendered":"Unterkunft"},"content":{"rendered":"<p>Unseren Anglern bieten wir neue,modern eingerichtete Apartments (800 Meter entfernt vom Vrana-See) in einer einmaligen Lage zwischen Adria mit dem Blick auf die Kornati Inseln(Nationalpark) und den Naturpark Vrana-See.<br \/>\nDa unsere Unterk\u00fcnfte mit Zentralheizung ausger\u00fcstet sind,braucht kein Angler im Winter zu frieren.<br \/>\nDer Preis richtet sich nach der Gr\u00f6\u00dfe des Apartments und f\u00e4ngt bei 12 Euro\/Tag\/Person an.<\/p>\n<div id=\"gallery-1\" class=\"gallery galleryid-1 default columns_3 gallery-columns-3  gallery-size-thumbnail \">\n<dl class=\"gallery-item gallery-startcol\">\n\t<dt class=\"gallery-icon\"><a href=\"https:\/\/www.angeln-vranasee.com\/wp-content\/uploads\/2010\/12\/h6.jpg\" title=\"h6\" class=\"thickbox\" rel=\"thickbox-1\">\t\t\t<img src=\"https:\/\/www.angeln-vranasee.com\/wp-content\/uploads\/2010\/12\/h6-150x150.jpg\" width=\"150\" height=\"150\" title=\"h6\" class=\"attachment-thumbnail\" alt=\"h6\" \/><\/a>\t<\/dt>\n\t<\/dl>\n<dl class=\"gallery-item\">\n\t<dt class=\"gallery-icon\"><a href=\"https:\/\/www.angeln-vranasee.com\/wp-content\/uploads\/2010\/12\/h5.jpg\" title=\"h5\" class=\"thickbox\" rel=\"thickbox-1\">\t\t\t<img src=\"https:\/\/www.angeln-vranasee.com\/wp-content\/uploads\/2010\/12\/h5-150x150.jpg\" width=\"150\" height=\"150\" title=\"h5\" class=\"attachment-thumbnail\" alt=\"h5\" \/><\/a>\t<\/dt>\n\t<\/dl>\n<dl class=\"gallery-item gallery-endcol\">\n\t<dt class=\"gallery-icon\"><a href=\"https:\/\/www.angeln-vranasee.com\/wp-content\/uploads\/2010\/12\/h4.jpg\" title=\"h4\" class=\"thickbox\" rel=\"thickbox-1\">\t\t\t<img src=\"https:\/\/www.angeln-vranasee.com\/wp-content\/uploads\/2010\/12\/h4-150x150.jpg\" width=\"150\" height=\"150\" title=\"h4\" class=\"attachment-thumbnail\" alt=\"h4\" \/><\/a>\t<\/dt>\n\t<\/dl>\n\n<br class='clear' \/>\n<dl class=\"gallery-item gallery-startcol\">\n\t<dt class=\"gallery-icon\"><a href=\"https:\/\/www.angeln-vranasee.com\/wp-content\/uploads\/2010\/12\/h3.jpg\" title=\"h3\" class=\"thickbox\" rel=\"thickbox-1\">\t\t\t<img src=\"https:\/\/www.angeln-vranasee.com\/wp-content\/uploads\/2010\/12\/h3-150x150.jpg\" width=\"150\" height=\"150\" title=\"h3\" class=\"attachment-thumbnail\" alt=\"h3\" \/><\/a>\t<\/dt>\n\t<\/dl>\n<dl class=\"gallery-item\">\n\t<dt class=\"gallery-icon\"><a href=\"https:\/\/www.angeln-vranasee.com\/wp-content\/uploads\/2010\/12\/h21.jpg\" title=\"h2\" class=\"thickbox\" rel=\"thickbox-1\">\t\t\t<img src=\"https:\/\/www.angeln-vranasee.com\/wp-content\/uploads\/2010\/12\/h21-150x150.jpg\" width=\"150\" height=\"150\" title=\"h2\" class=\"attachment-thumbnail\" alt=\"h2\" \/><\/a>\t<\/dt>\n\t<\/dl>\n<dl class=\"gallery-item gallery-endcol\">\n\t<dt class=\"gallery-icon\"><a href=\"https:\/\/www.angeln-vranasee.com\/wp-content\/uploads\/2010\/12\/h11.jpg\" title=\"h1\" class=\"thickbox\" rel=\"thickbox-1\">\t\t\t<img src=\"https:\/\/www.angeln-vranasee.com\/wp-content\/uploads\/2010\/12\/h11-150x150.jpg\" width=\"150\" height=\"150\" title=\"h1\" class=\"attachment-thumbnail\" alt=\"h1\" \/><\/a>\t<\/dt>\n\t<\/dl>\n\n<br class='clear' \/>\n<dl class=\"gallery-item gallery-startcol\">\n\t<dt class=\"gallery-icon\"><a href=\"https:\/\/www.angeln-vranasee.com\/wp-content\/uploads\/2010\/12\/h7.jpg\" title=\"h7\" class=\"thickbox\" rel=\"thickbox-1\">\t\t\t<img src=\"https:\/\/www.angeln-vranasee.com\/wp-content\/uploads\/2010\/12\/h7-150x150.jpg\" width=\"150\" height=\"150\" title=\"h7\" class=\"attachment-thumbnail\" alt=\"h7\" \/><\/a>\t<\/dt>\n\t<\/dl>\n\n\n<\/div>\n","protected":false},"excerpt":{"rendered":"<p>Unseren Anglern bieten wir neue,modern eingerichtete Apartments (800 Meter entfernt vom Vrana-See) in einer einmaligen Lage zwischen Adria mit dem Blick auf die Kornati Inseln(Nationalpark) und den Naturpark Vrana-See. Da unsere Unterk\u00fcnfte mit Zentralheizung ausger\u00fcstet sind,braucht kein Angler im Winter zu frieren. Der Preis richtet sich nach der Gr\u00f6\u00dfe des Apartments und f\u00e4ngt bei 12 [&hellip;]<\/p>\n","protected":false},"author":1,"featured_media":0,"parent":0,"menu_order":0,"comment_status":"closed","ping_status":"closed","template":"page-templates\/front-page.php","meta":[],"_links":{"self":[{"href":"https:\/\/www.angeln-vranasee.com\/index.php?rest_route=\/wp\/v2\/pages\/18"}],"collection":[{"href":"https:\/\/www.angeln-vranasee.com\/index.php?rest_route=\/wp\/v2\/pages"}],"about":[{"href":"https:\/\/www.angeln-vranasee.com\/index.php?rest_route=\/wp\/v2\/types\/page"}],"author":[{"embeddable":true,"href":"https:\/\/www.angeln-vranasee.com\/index.php?rest_route=\/wp\/v2\/users\/1"}],"replies":[{"embeddable":true,"href":"https:\/\/www.angeln-vranasee.com\/index.php?rest_route=%2Fwp%2Fv2%2Fcomments&post=18"}],"version-history":[{"count":15,"href":"https:\/\/www.angeln-vranasee.com\/index.php?rest_route=\/wp\/v2\/pages\/18\/revisions"}],"predecessor-version":[{"id":323,"href":"https:\/\/www.angeln-vranasee.com\/index.php?rest_route=\/wp\/v2\/pages\/18\/revisions\/323"}],"wp:attachment":[{"href":"https:\/\/www.angeln-vranasee.com\/index.php?rest_route=%2Fwp%2Fv2%2Fmedia&parent=18"}],"curies":[{"name":"wp","href":"https:\/\/api.w.org\/{rel}","templated":true}]}}