{"id":21,"date":"2010-12-09T23:09:31","date_gmt":"2010-12-09T22:09:31","guid":{"rendered":"http:\/\/www.angeln-vranasee.com\/?page_id=21"},"modified":"2020-12-15T19:36:23","modified_gmt":"2020-12-15T18:36:23","slug":"angeln","status":"publish","type":"page","link":"https:\/\/www.angeln-vranasee.com\/?page_id=21","title":{"rendered":"Angeln"},"content":{"rendered":"<p><\/p>\n<p>Wir leben in Pakostane,ca 800 m vom Vrana-See entfernt und sind leidenschaftliche Angler.<br \/>Aus diesem Grund w\u00e4ren wir nat\u00fcrlich froh,wenn wir viele Anglerfreude f\u00fcr dieses Anglerparadies begeistern k\u00f6nnen.<br \/>Nat\u00fcrlich geben wir unsere Erfahrung gerne weiter und stehen unseren G\u00e4sten mit Rat und Tat zur Verf\u00fcgung.<\/p>\n<div id=\"gallery-1\" class=\"gallery galleryid-1 default columns_3 gallery-columns-3  gallery-size-thumbnail \">\n<dl class=\"gallery-item gallery-startcol\">\n\t<dt class=\"gallery-icon\"><a href=\"https:\/\/www.angeln-vranasee.com\/wp-content\/uploads\/2010\/12\/r1.jpg\" title=\"r1\" class=\"thickbox\" rel=\"thickbox-1\">\t\t\t<img src=\"https:\/\/www.angeln-vranasee.com\/wp-content\/uploads\/2010\/12\/r1-150x150.jpg\" width=\"150\" height=\"150\" title=\"r1\" class=\"attachment-thumbnail\" alt=\"r1\" \/><\/a>\t<\/dt>\n\t<\/dl>\n<dl class=\"gallery-item\">\n\t<dt class=\"gallery-icon\"><a href=\"https:\/\/www.angeln-vranasee.com\/wp-content\/uploads\/2010\/12\/b1.jpg\" title=\"b1\" class=\"thickbox\" rel=\"thickbox-1\">\t\t\t<img src=\"https:\/\/www.angeln-vranasee.com\/wp-content\/uploads\/2010\/12\/b1-150x150.jpg\" width=\"150\" height=\"150\" title=\"b1\" class=\"attachment-thumbnail\" alt=\"b1\" \/><\/a>\t<\/dt>\n\t<\/dl>\n\n\n<\/div>\n<p>Zu unserem Service geh\u00f6rt unter anderem:<br \/>-Besorgung eines Angelscheines<br \/>-Verschiedene K\u00f6der<br \/>-Vermietung eines 4 m langen Bootes mit 5 PS Aussen borders<br \/>-Tiefk\u00fchlschrank<\/p>\n<div id=\"gallery-2\" class=\"gallery galleryid-2 default columns_3 gallery-columns-3  gallery-size-thumbnail \">\n<dl class=\"gallery-item gallery-startcol\">\n\t<dt class=\"gallery-icon\"><a href=\"https:\/\/www.angeln-vranasee.com\/wp-content\/uploads\/2010\/12\/r4.jpg\" title=\"r4\" class=\"thickbox\" rel=\"thickbox-2\">\t\t\t<img src=\"https:\/\/www.angeln-vranasee.com\/wp-content\/uploads\/2010\/12\/r4-150x150.jpg\" width=\"150\" height=\"150\" title=\"r4\" class=\"attachment-thumbnail\" alt=\"r4\" \/><\/a>\t<\/dt>\n\t<\/dl>\n<dl class=\"gallery-item\">\n\t<dt class=\"gallery-icon\"><a href=\"https:\/\/www.angeln-vranasee.com\/wp-content\/uploads\/2010\/12\/r9.jpg\" title=\"r9\" class=\"thickbox\" rel=\"thickbox-2\">\t\t\t<img src=\"https:\/\/www.angeln-vranasee.com\/wp-content\/uploads\/2010\/12\/r9-150x150.jpg\" width=\"150\" height=\"150\" title=\"r9\" class=\"attachment-thumbnail\" alt=\"r9\" \/><\/a>\t<\/dt>\n\t<\/dl>\n\n\n<\/div>\n<p>Vorwiegend angeln wir auf Karpfen(Wildkarpfen),Hecht und Wels.<br \/>Von Mitte Mai bis Ende November ist die beste Zeit f\u00fcr Karpfen(Wildkarpfen).Die K\u00f6der sind Mais und Boilies.In der Zeit von 1.04-31.05 haben die Karpfen Schonzeit.<\/p>\n<p>Besonders viel Spa\u00df macht das Hechtangeln. Es wurden schon Hechte von mehr als 1 m L\u00e4nge gefangen.Die beliebtesten Angelmethoden sind:Spinnfischen und das Angeln mit lebenden K\u00f6derfischen. Im Zeitraum von 01.02-31.03 hat der Hecht Schonzeit.<\/p>\n<p>Im Zeitraum von 16.04-15.06 hat der Wels Schonzeit. Um auf Wels zu gehen w\u00e4re die beste Zeit von mitte Juni bis Ende November.Der Rekord eines gefangenen Welses liegt bei 106 kg und hatte die stattliche L\u00e4nge von 2.40 m. Fangmethoden sind Boilie,Spinning und das Fangen mit lebende K\u00f6derfische. K\u00f6derfische zum Angeln d\u00fcrfen ausschliesslich aus dem Vrana See stammen.<br \/>Aale sind gesetzlich gesch\u00fctzt,daher ist das Angeln auf Aal strengstens verboten.<br \/>Der Vrana See ist ein Naturpark und sollte deshalb auch besonders gepflegt und geschont werden. Folgende Verhaltensregeln m\u00fcssen unbedingt eingehalten werden: kein offenes Feuer, keine L\u00e4rmbel\u00e4stigung und M\u00fcll darf nicht weggeworfen werden. Die Regeln des Naturparks sind strengstens einzuhalten.<\/p>\n<p>Am Vrana-See ist das Angeln mit zwei Ruten erlaubt. Im Zeitraum von 15.05-15.09 ist Nachtangeln nur an besonderen und ausgezeichneten Stellen erlaubt.<br \/>Weitere Informationen erhalten sie bei der Naturpark Vransko jezero Verwaltung: 023-383-181<br \/>Der Preis fur einen Angelschein liegt bei etwa 9 Euro pro Tag, eine 3 -Tageskarte kostet 20 Euro und f\u00fcr eine Woche zahlt man 34 Euro.<\/p>\n<div id=\"gallery-3\" class=\"gallery galleryid-3 default columns_3 gallery-columns-3  gallery-size-thumbnail \">\n<dl class=\"gallery-item gallery-startcol\">\n\t<dt class=\"gallery-icon\"><a href=\"https:\/\/www.angeln-vranasee.com\/wp-content\/uploads\/2010\/12\/r2.jpg\" title=\"r2\" class=\"thickbox\" rel=\"thickbox-3\">\t\t\t<img src=\"https:\/\/www.angeln-vranasee.com\/wp-content\/uploads\/2010\/12\/r2-150x150.jpg\" width=\"150\" height=\"150\" title=\"r2\" class=\"attachment-thumbnail\" alt=\"r2\" \/><\/a>\t<\/dt>\n\t<\/dl>\n\n\n<\/div>\n<p><a href=\"http:\/\/www.pp-vransko-jezero.hr\/hr\/informacije-za-ribice\/\" target=\"_blank\" rel=\"noopener noreferrer\">Verordnungen &#8211; Angeln<\/a><\/p>\n\n\n<figure class=\"wp-block-embed-youtube wp-block-embed is-type-video is-provider-youtube wp-embed-aspect-16-9 wp-has-aspect-ratio\"><div class=\"wp-block-embed__wrapper\">\n<iframe loading=\"lazy\" title=\"Elisabeth geht Fischen -  Vrana See Herbst 2019 - Vransko jezero\" width=\"625\" height=\"352\" src=\"https:\/\/www.youtube.com\/embed\/CZ8HpPgRxSM?feature=oembed\" frameborder=\"0\" allow=\"accelerometer; autoplay; clipboard-write; encrypted-media; gyroscope; picture-in-picture\" allowfullscreen><\/iframe>\n<\/div><\/figure>\n","protected":false},"excerpt":{"rendered":"<p>Wir leben in Pakostane,ca 800 m vom Vrana-See entfernt und sind leidenschaftliche Angler.Aus diesem Grund w\u00e4ren wir nat\u00fcrlich froh,wenn wir viele Anglerfreude f\u00fcr dieses Anglerparadies begeistern k\u00f6nnen.Nat\u00fcrlich geben wir unsere Erfahrung gerne weiter und stehen unseren G\u00e4sten mit Rat und Tat zur Verf\u00fcgung. Zu unserem Service geh\u00f6rt unter anderem:-Besorgung eines Angelscheines-Verschiedene K\u00f6der-Vermietung eines 4 m [&hellip;]<\/p>\n","protected":false},"author":1,"featured_media":0,"parent":0,"menu_order":0,"comment_status":"closed","ping_status":"closed","template":"page-templates\/front-page.php","meta":[],"_links":{"self":[{"href":"https:\/\/www.angeln-vranasee.com\/index.php?rest_route=\/wp\/v2\/pages\/21"}],"collection":[{"href":"https:\/\/www.angeln-vranasee.com\/index.php?rest_route=\/wp\/v2\/pages"}],"about":[{"href":"https:\/\/www.angeln-vranasee.com\/index.php?rest_route=\/wp\/v2\/types\/page"}],"author":[{"embeddable":true,"href":"https:\/\/www.angeln-vranasee.com\/index.php?rest_route=\/wp\/v2\/users\/1"}],"replies":[{"embeddable":true,"href":"https:\/\/www.angeln-vranasee.com\/index.php?rest_route=%2Fwp%2Fv2%2Fcomments&post=21"}],"version-history":[{"count":61,"href":"https:\/\/www.angeln-vranasee.com\/index.php?rest_route=\/wp\/v2\/pages\/21\/revisions"}],"predecessor-version":[{"id":365,"href":"https:\/\/www.angeln-vranasee.com\/index.php?rest_route=\/wp\/v2\/pages\/21\/revisions\/365"}],"wp:attachment":[{"href":"https:\/\/www.angeln-vranasee.com\/index.php?rest_route=%2Fwp%2Fv2%2Fmedia&parent=21"}],"curies":[{"name":"wp","href":"https:\/\/api.w.org\/{rel}","templated":true}]}}