{"id":289,"date":"2020-10-03T21:12:57","date_gmt":"2020-10-03T20:12:57","guid":{"rendered":"http:\/\/www.angeln-vranasee.com\/?page_id=289"},"modified":"2020-10-03T21:43:38","modified_gmt":"2020-10-03T20:43:38","slug":"angelplatz","status":"publish","type":"page","link":"https:\/\/www.angeln-vranasee.com\/?page_id=289","title":{"rendered":"Angelplatz"},"content":{"rendered":"\n<p><\/p>\n\n\n<p><br \/><br \/>Als besonderen Service bieten wir den Fischern unser privates Grundst\u00fcck direkt am See an. Das Grundst\u00fcck ist zum angeln angepasst und sehr sch\u00f6n angelegt. Die Angelstelle wird das ganze Jahr \u00fcber gef\u00fcttert. Es ist ein idealer Ort f\u00fcr erfolgreiches angeln und famili\u00e4re und freundschaftliche Zusammenk\u00fcnfte.<br \/><\/p>\n<div id=\"gallery-1\" class=\"gallery galleryid-1 default columns_3 gallery-columns-3  gallery-size-thumbnail \">\n<dl class=\"gallery-item gallery-startcol\">\n\t<dt class=\"gallery-icon\"><a href=\"https:\/\/www.angeln-vranasee.com\/wp-content\/uploads\/2020\/10\/20200427_135247-Custom.jpg\" title=\"20200427_135247 (Custom)\" class=\"thickbox\" rel=\"thickbox-1\">\t\t\t<img src=\"https:\/\/www.angeln-vranasee.com\/wp-content\/uploads\/2020\/10\/20200427_135247-Custom-150x150.jpg\" width=\"150\" height=\"150\" title=\"20200427_135247 (Custom)\" class=\"attachment-thumbnail\" alt=\"20200427_135247 (Custom)\" \/><\/a>\t<\/dt>\n\t<\/dl>\n<dl class=\"gallery-item\">\n\t<dt class=\"gallery-icon\"><a href=\"https:\/\/www.angeln-vranasee.com\/wp-content\/uploads\/2020\/10\/20200427_135409-Custom.jpg\" title=\"20200427_135409 (Custom)\" class=\"thickbox\" rel=\"thickbox-1\">\t\t\t<img src=\"https:\/\/www.angeln-vranasee.com\/wp-content\/uploads\/2020\/10\/20200427_135409-Custom-150x150.jpg\" width=\"150\" height=\"150\" title=\"20200427_135409 (Custom)\" class=\"attachment-thumbnail\" alt=\"20200427_135409 (Custom)\" \/><\/a>\t<\/dt>\n\t<\/dl>\n<dl class=\"gallery-item gallery-endcol\">\n\t<dt class=\"gallery-icon\"><a href=\"https:\/\/www.angeln-vranasee.com\/wp-content\/uploads\/2020\/10\/20200427_135522-Custom.jpg\" title=\"20200427_135522 (Custom)\" class=\"thickbox\" rel=\"thickbox-1\">\t\t\t<img src=\"https:\/\/www.angeln-vranasee.com\/wp-content\/uploads\/2020\/10\/20200427_135522-Custom-150x150.jpg\" width=\"150\" height=\"150\" title=\"20200427_135522 (Custom)\" class=\"attachment-thumbnail\" alt=\"20200427_135522 (Custom)\" \/><\/a>\t<\/dt>\n\t<\/dl>\n\n<br class='clear' \/>\n<dl class=\"gallery-item gallery-startcol\">\n\t<dt class=\"gallery-icon\"><a href=\"https:\/\/www.angeln-vranasee.com\/wp-content\/uploads\/2020\/10\/20200427_135758-Custom.jpg\" title=\"20200427_135758 (Custom)\" class=\"thickbox\" rel=\"thickbox-1\">\t\t\t<img src=\"https:\/\/www.angeln-vranasee.com\/wp-content\/uploads\/2020\/10\/20200427_135758-Custom-150x150.jpg\" width=\"150\" height=\"150\" title=\"20200427_135758 (Custom)\" class=\"attachment-thumbnail\" alt=\"20200427_135758 (Custom)\" \/><\/a>\t<\/dt>\n\t<\/dl>\n<dl class=\"gallery-item\">\n\t<dt class=\"gallery-icon\"><a href=\"https:\/\/www.angeln-vranasee.com\/wp-content\/uploads\/2020\/10\/20200501_152455-Custom.jpg\" title=\"Ribolovna pozicija\" class=\"thickbox\" rel=\"thickbox-1\">\t\t\t<img src=\"https:\/\/www.angeln-vranasee.com\/wp-content\/uploads\/2020\/10\/20200501_152455-Custom-150x150.jpg\" width=\"150\" height=\"150\" title=\"Ribolovna pozicija\" class=\"attachment-thumbnail\" alt=\"Ribolovna pozicija\" \/><\/a>\t<\/dt>\n\t<\/dl>\n\n\n<\/div>","protected":false},"excerpt":{"rendered":"<p>Als besonderen Service bieten wir den Fischern unser privates Grundst\u00fcck direkt am See an. Das Grundst\u00fcck ist zum angeln angepasst und sehr sch\u00f6n angelegt. Die Angelstelle wird das ganze Jahr \u00fcber gef\u00fcttert. Es ist ein idealer Ort f\u00fcr erfolgreiches angeln und famili\u00e4re und freundschaftliche Zusammenk\u00fcnfte.<\/p>\n","protected":false},"author":1,"featured_media":0,"parent":0,"menu_order":0,"comment_status":"closed","ping_status":"closed","template":"page-templates\/front-page.php","meta":[],"_links":{"self":[{"href":"https:\/\/www.angeln-vranasee.com\/index.php?rest_route=\/wp\/v2\/pages\/289"}],"collection":[{"href":"https:\/\/www.angeln-vranasee.com\/index.php?rest_route=\/wp\/v2\/pages"}],"about":[{"href":"https:\/\/www.angeln-vranasee.com\/index.php?rest_route=\/wp\/v2\/types\/page"}],"author":[{"embeddable":true,"href":"https:\/\/www.angeln-vranasee.com\/index.php?rest_route=\/wp\/v2\/users\/1"}],"replies":[{"embeddable":true,"href":"https:\/\/www.angeln-vranasee.com\/index.php?rest_route=%2Fwp%2Fv2%2Fcomments&post=289"}],"version-history":[{"count":7,"href":"https:\/\/www.angeln-vranasee.com\/index.php?rest_route=\/wp\/v2\/pages\/289\/revisions"}],"predecessor-version":[{"id":305,"href":"https:\/\/www.angeln-vranasee.com\/index.php?rest_route=\/wp\/v2\/pages\/289\/revisions\/305"}],"wp:attachment":[{"href":"https:\/\/www.angeln-vranasee.com\/index.php?rest_route=%2Fwp%2Fv2%2Fmedia&parent=289"}],"curies":[{"name":"wp","href":"https:\/\/api.w.org\/{rel}","templated":true}]}}